{"id":1720,"date":"2021-06-30T04:35:37","date_gmt":"2021-06-30T04:35:37","guid":{"rendered":"https:\/\/www.microsofa.net\/mw\/?page_id=1720"},"modified":"2021-06-30T04:35:37","modified_gmt":"2021-06-30T04:35:37","slug":"le-revolution-politique","status":"publish","type":"page","link":"https:\/\/www.microsofa.net\/mw\/le-revolution-politique\/","title":{"rendered":"Le Revolution Politique"},"content":{"rendered":"<p>[et_pb_section fb_built=&#8221;1&#8243; _builder_version=&#8221;3.22.7&#8243;][et_pb_row _builder_version=&#8221;4.7.7&#8243; custom_margin=&#8221;|126px||auto||&#8221;][et_pb_column type=&#8221;4_4&#8243; _builder_version=&#8221;3.25&#8243; custom_padding=&#8221;|||&#8221; custom_padding__hover=&#8221;|||&#8221;][et_pb_text _builder_version=&#8221;4.9.4&#8243; text_font=&#8221;|700|||||||&#8221; text_font_size=&#8221;43px&#8221; header_font=&#8221;|700|||||||&#8221; header_text_align=&#8221;center&#8221; header_font_size=&#8221;32px&#8221; text_orientation=&#8221;center&#8221; width=&#8221;100%&#8221; custom_margin=&#8221;||20px&#8221; hover_enabled=&#8221;0&#8243; sticky_enabled=&#8221;0&#8243;]<\/p>\n<p>Le Revolution Politique<\/p>\n<p>[\/et_pb_text][et_pb_divider color=&#8221;#e02b20&#8243; divider_weight=&#8221;2px&#8221; _builder_version=&#8221;4.7.7&#8243; width=&#8221;35%&#8221; module_alignment=&#8221;center&#8221;][\/et_pb_divider][et_pb_blurb _builder_version=&#8221;3.22.7&#8243; body_font=&#8221;|600|||||||&#8221; body_text_align=&#8221;center&#8221; body_font_size=&#8221;19px&#8221; body_line_height=&#8221;1.8em&#8221; text_orientation=&#8221;center&#8221; border_radii=&#8221;on|10px|10px|10px|10px&#8221; box_shadow_style=&#8221;preset2&#8243;]<\/p>\n<div class=\"lines\">\n<p>Excusez-moi, gentilhomme<br \/>Ecoutez-moi, s&#8217;il vous plait <br \/>Je voudrais, maintenant <br \/>Le revolution politique <\/p>\n<p>Qu-est-ce que c&#8217;est, qu&#8217;est-ce que c&#8217;est? <br \/>Le revolution politique <br \/>Je ne comprenez vous <br \/>Qu&#8217;est-ce que c&#8217;est, le politique? <\/p>\n<p>C&#8217;est une probleme de la soci\u00e9t\u00e9 <br \/>Je pense c&#8217;est une terrible maladie <br \/>J&#8217;avais un suggestion pour rem\u00e8de <br \/>C&#8217;est une transformation revolutionnaire <\/p>\n<p>Pardonnez-moi, mademoiselle <br \/>Je ne comprends pas <br \/>Ma tete s&#8217;embrouille<br \/>Le revolution politique <\/p>\n<p>Exigence condition <br \/>Conscience de classe <br \/>Et voila, c&#8217;est ca <br \/>Un revolution politique <\/p>\n<p>C&#8217;est une probleme pour la bourgeoisie <br \/>De la morte aristocratie maintenant <br \/>d\u00e9boucher le bouteille ici, jeune fille<br \/>Pour un transformation revolutionnaire <\/p>\n<p>Encore un effort <br \/>Le revolution politique <br \/>Encore un effort <br \/>Le revolution politique <br \/>Le revolution politique <br \/>Le revolution politique <\/p>\n<p><span style=\"color: black; font-family: arial, helvetica;\" face=\"arial, helvetica\" color=\"black\"><\/span><\/p>\n<\/div>\n<p>[\/et_pb_blurb][\/et_pb_column][\/et_pb_row][\/et_pb_section]<\/p>\n","protected":false},"excerpt":{"rendered":"<p>Le Revolution Politique Excusez-moi, gentilhommeEcoutez-moi, s&#8217;il vous plait Je voudrais, maintenant Le revolution politique Qu-est-ce que c&#8217;est, qu&#8217;est-ce que c&#8217;est? Le revolution politique Je ne comprenez vous Qu&#8217;est-ce que c&#8217;est, le politique? C&#8217;est une probleme de la soci\u00e9t\u00e9 Je pense c&#8217;est une terrible maladie J&#8217;avais un suggestion pour rem\u00e8de C&#8217;est une transformation revolutionnaire Pardonnez-moi, mademoiselle [&hellip;]<\/p>\n","protected":false},"author":1,"featured_media":0,"parent":0,"menu_order":0,"comment_status":"closed","ping_status":"closed","template":"","meta":{"_et_pb_use_builder":"on","_et_pb_old_content":"","_et_gb_content_width":""},"_links":{"self":[{"href":"https:\/\/www.microsofa.net\/mw\/wp-json\/wp\/v2\/pages\/1720"}],"collection":[{"href":"https:\/\/www.microsofa.net\/mw\/wp-json\/wp\/v2\/pages"}],"about":[{"href":"https:\/\/www.microsofa.net\/mw\/wp-json\/wp\/v2\/types\/page"}],"author":[{"embeddable":true,"href":"https:\/\/www.microsofa.net\/mw\/wp-json\/wp\/v2\/users\/1"}],"replies":[{"embeddable":true,"href":"https:\/\/www.microsofa.net\/mw\/wp-json\/wp\/v2\/comments?post=1720"}],"version-history":[{"count":2,"href":"https:\/\/www.microsofa.net\/mw\/wp-json\/wp\/v2\/pages\/1720\/revisions"}],"predecessor-version":[{"id":1723,"href":"https:\/\/www.microsofa.net\/mw\/wp-json\/wp\/v2\/pages\/1720\/revisions\/1723"}],"wp:attachment":[{"href":"https:\/\/www.microsofa.net\/mw\/wp-json\/wp\/v2\/media?parent=1720"}],"curies":[{"name":"wp","href":"https:\/\/api.w.org\/{rel}","templated":true}]}}